{"id":22,"date":"2015-04-10T23:17:58","date_gmt":"2015-04-10T21:17:58","guid":{"rendered":"http:\/\/www.communique.de\/?page_id=22"},"modified":"2015-04-10T23:22:59","modified_gmt":"2015-04-10T21:22:59","slug":"softwareloesungen","status":"publish","type":"page","link":"https:\/\/www.communique.de\/?page_id=22","title":{"rendered":"Softwarel\u00f6sungen"},"content":{"rendered":"<p>Das Angebot heutiger Spartensoftware ist sehr vielf\u00e4ltig. Durch unsere langj\u00e4hrige Erfahrung im Bereicht IT-Support sind wir mit verschiedensten Softwarel\u00f6sungen\u00a0diverser Hersteller konfrontiert worden. Trotz dieser un\u00fcberschaubaren Vielzahl \u00e4hneln sich viele Programme im Aufbau, Installationsroutinen und Integration in bestehende Strukturen; dies erm\u00f6glicht es uns, Ihnen in vielen F\u00e4llen zur Seite zu stehen, wenn es denn einmal hakt.<\/p>\n<p>Wir vertreiben keine eigenen Softwarel\u00f6sungen, sondern bieten Ihnen bedarfsgerecht auf dem Markt befindliche Produkte an.<\/p>\n<p>Zur Einrichtung von Home-Office Arbeitspl\u00e4tzen mittels gesch\u00fctzter Einwahl ins Firmennetz setzen wir auf bew\u00e4hrte Produkte der Firma Lancom Systems.<\/p>\n<p>Bei Kommunikationsl\u00f6sungen (Mail, Kontakt- und Terminverwaltung, etc.) kommen in den meisten F\u00e4llen die Kombination aus Microsoft Outlook &#8211; Exchange Server oder David! von der Firma Tobit zum Einsatz.<\/p>\n<p>Anforderung f\u00fcr softwaregest\u00fctzte Zeiterfassung bedienen wir gerne mit Produkten der Firma Reiner SCT.<\/p>\n","protected":false},"excerpt":{"rendered":"<p>Das Angebot heutiger Spartensoftware ist sehr vielf\u00e4ltig. Durch unsere langj\u00e4hrige Erfahrung im Bereicht IT-Support sind wir mit verschiedensten Softwarel\u00f6sungen\u00a0diverser Hersteller konfrontiert worden. Trotz dieser un\u00fcberschaubaren Vielzahl \u00e4hneln sich viele Programme im Aufbau, Installationsroutinen und Integration in bestehende Strukturen; dies erm\u00f6glicht es uns, Ihnen in vielen F\u00e4llen zur Seite zu stehen, wenn es denn einmal hakt. [&hellip;]<\/p>\n","protected":false},"author":1,"featured_media":0,"parent":0,"menu_order":0,"comment_status":"open","ping_status":"open","template":"","meta":[],"_links":{"self":[{"href":"https:\/\/www.communique.de\/index.php?rest_route=\/wp\/v2\/pages\/22"}],"collection":[{"href":"https:\/\/www.communique.de\/index.php?rest_route=\/wp\/v2\/pages"}],"about":[{"href":"https:\/\/www.communique.de\/index.php?rest_route=\/wp\/v2\/types\/page"}],"author":[{"embeddable":true,"href":"https:\/\/www.communique.de\/index.php?rest_route=\/wp\/v2\/users\/1"}],"replies":[{"embeddable":true,"href":"https:\/\/www.communique.de\/index.php?rest_route=%2Fwp%2Fv2%2Fcomments&post=22"}],"version-history":[{"count":2,"href":"https:\/\/www.communique.de\/index.php?rest_route=\/wp\/v2\/pages\/22\/revisions"}],"predecessor-version":[{"id":28,"href":"https:\/\/www.communique.de\/index.php?rest_route=\/wp\/v2\/pages\/22\/revisions\/28"}],"wp:attachment":[{"href":"https:\/\/www.communique.de\/index.php?rest_route=%2Fwp%2Fv2%2Fmedia&parent=22"}],"curies":[{"name":"wp","href":"https:\/\/api.w.org\/{rel}","templated":true}]}}