{"id":18,"date":"2015-04-10T23:16:10","date_gmt":"2015-04-10T21:16:10","guid":{"rendered":"http:\/\/www.communique.de\/?page_id=18"},"modified":"2015-04-10T23:16:10","modified_gmt":"2015-04-10T21:16:10","slug":"netzwerkkomponenten","status":"publish","type":"page","link":"https:\/\/www.communique.de\/?page_id=18","title":{"rendered":"Netzwerkkomponenten"},"content":{"rendered":"<p>Router, Repeater, Switches, Bridges, Access Points, Hubs und Netzadapter sorgen daf\u00fcr, dass Datenpakete dort ankommen, wo sie hinsollen. Wir erl\u00e4utern, wie die Netzwerkger\u00e4te funktionieren, was sie voneinander unterscheidet und worauf Sie beim Einsatz achten m\u00fcssen.<\/p>\n<p>Ohne sie kommt kein Netzverkehr zustande: Router, Repeater, Switch und Hub machen den Datenaustausch erst m\u00f6glich. Sie sind die Schaltstellen, an denen Datenpakete auflaufen. Allen gemein ist, dass sie die Daten weiterleiten. Dazu bedienen sich diese Ger\u00e4te unterschiedlicher Methoden, je nachdem, auf welcher Schicht des standardisierten OSI-Referenzmodells sie arbeiten. Dass gerade Switches, Router und Hubs trotzdem h\u00e4ufig verwechselt werden, liegt einerseits an falsch verwendeten Begrifflichkeiten und andererseits an der sehr \u00e4hnlichen Arbeitsweise. Dieser Beitrag kl\u00e4rt auf \u00fcber die Ger\u00e4tegattungen und die unterschiedlichen Einsatzzwecke.<\/p>\n","protected":false},"excerpt":{"rendered":"<p>Router, Repeater, Switches, Bridges, Access Points, Hubs und Netzadapter sorgen daf\u00fcr, dass Datenpakete dort ankommen, wo sie hinsollen. Wir erl\u00e4utern, wie die Netzwerkger\u00e4te funktionieren, was sie voneinander unterscheidet und worauf Sie beim Einsatz achten m\u00fcssen. Ohne sie kommt kein Netzverkehr zustande: Router, Repeater, Switch und Hub machen den Datenaustausch erst m\u00f6glich. Sie sind die Schaltstellen, [&hellip;]<\/p>\n","protected":false},"author":1,"featured_media":0,"parent":0,"menu_order":0,"comment_status":"open","ping_status":"open","template":"","meta":[],"_links":{"self":[{"href":"https:\/\/www.communique.de\/index.php?rest_route=\/wp\/v2\/pages\/18"}],"collection":[{"href":"https:\/\/www.communique.de\/index.php?rest_route=\/wp\/v2\/pages"}],"about":[{"href":"https:\/\/www.communique.de\/index.php?rest_route=\/wp\/v2\/types\/page"}],"author":[{"embeddable":true,"href":"https:\/\/www.communique.de\/index.php?rest_route=\/wp\/v2\/users\/1"}],"replies":[{"embeddable":true,"href":"https:\/\/www.communique.de\/index.php?rest_route=%2Fwp%2Fv2%2Fcomments&post=18"}],"version-history":[{"count":1,"href":"https:\/\/www.communique.de\/index.php?rest_route=\/wp\/v2\/pages\/18\/revisions"}],"predecessor-version":[{"id":19,"href":"https:\/\/www.communique.de\/index.php?rest_route=\/wp\/v2\/pages\/18\/revisions\/19"}],"wp:attachment":[{"href":"https:\/\/www.communique.de\/index.php?rest_route=%2Fwp%2Fv2%2Fmedia&parent=18"}],"curies":[{"name":"wp","href":"https:\/\/api.w.org\/{rel}","templated":true}]}}