{"id":16,"date":"2015-04-10T23:14:58","date_gmt":"2015-04-10T21:14:58","guid":{"rendered":"http:\/\/www.communique.de\/?page_id=16"},"modified":"2016-05-15T22:32:47","modified_gmt":"2016-05-15T20:32:47","slug":"it-management","status":"publish","type":"page","link":"https:\/\/www.communique.de\/","title":{"rendered":"IT-Management"},"content":{"rendered":"<p>Ben\u00f6tigen Sie konzeptionelle oder praktische Unterst\u00fctzung bei der Verwaltung, beim Aufbau einer neuen oder der \u00dcberarbeitung Ihrer bestehenden IT-Infrastruktur?<\/p>\n<p>Planen Sie den Aufgabenbereich der hauseigenen IT-Verantwortung durch einen externen Berater zu erg\u00e4nzen?<\/p>\n<p>Bed\u00fcrfen Sie der technischen Ausformulierung Ihrer kaufm\u00e4nnischen Anforderungen an eine Hard- und Softwarestruktur?<\/p>\n<p>Suchen Sie einen Berater, der Ihre Anforderungen an Neubau- oder Umbauma\u00dfnahmen mit Drittfirmen kommuniziert oder m\u00f6chten Sie eine objektive Meinung zu vorliegenden Angeboten bzw. Planungsleistungen einholen?<\/p>\n<p>K\u00f6nnte Ihnen eine Unterst\u00fctzung bei der Pr\u00fcfung der auftragsgem\u00e4\u00dfen Umsetzung der von Ihnen in Auftrag gegebenen Arbeiten einen wirtschaftlichen Mehrwert bieten?<\/p>\n<p>Wir stehen Ihnen zur Verf\u00fcgung.<\/p>\n<p>Ralf Haas<\/p>\n","protected":false},"excerpt":{"rendered":"<p>Ben\u00f6tigen Sie konzeptionelle oder praktische Unterst\u00fctzung bei der Verwaltung, beim Aufbau einer neuen oder der \u00dcberarbeitung Ihrer bestehenden IT-Infrastruktur? Planen Sie den Aufgabenbereich der hauseigenen IT-Verantwortung durch einen externen Berater zu erg\u00e4nzen? Bed\u00fcrfen Sie der technischen Ausformulierung Ihrer kaufm\u00e4nnischen Anforderungen an eine Hard- und Softwarestruktur? Suchen Sie einen Berater, der Ihre Anforderungen an Neubau- oder [&hellip;]<\/p>\n","protected":false},"author":1,"featured_media":0,"parent":0,"menu_order":0,"comment_status":"open","ping_status":"open","template":"","meta":[],"_links":{"self":[{"href":"https:\/\/www.communique.de\/index.php?rest_route=\/wp\/v2\/pages\/16"}],"collection":[{"href":"https:\/\/www.communique.de\/index.php?rest_route=\/wp\/v2\/pages"}],"about":[{"href":"https:\/\/www.communique.de\/index.php?rest_route=\/wp\/v2\/types\/page"}],"author":[{"embeddable":true,"href":"https:\/\/www.communique.de\/index.php?rest_route=\/wp\/v2\/users\/1"}],"replies":[{"embeddable":true,"href":"https:\/\/www.communique.de\/index.php?rest_route=%2Fwp%2Fv2%2Fcomments&post=16"}],"version-history":[{"count":2,"href":"https:\/\/www.communique.de\/index.php?rest_route=\/wp\/v2\/pages\/16\/revisions"}],"predecessor-version":[{"id":66,"href":"https:\/\/www.communique.de\/index.php?rest_route=\/wp\/v2\/pages\/16\/revisions\/66"}],"wp:attachment":[{"href":"https:\/\/www.communique.de\/index.php?rest_route=%2Fwp%2Fv2%2Fmedia&parent=16"}],"curies":[{"name":"wp","href":"https:\/\/api.w.org\/{rel}","templated":true}]}}